{"id":292,"date":"2013-08-08T15:48:16","date_gmt":"2013-08-08T15:48:16","guid":{"rendered":"http:\/\/presscore.dream-demo.com\/dummy\/?page_id=292"},"modified":"2024-03-09T10:52:17","modified_gmt":"2024-03-09T13:52:17","slug":"contact","status":"publish","type":"page","link":"https:\/\/arace.org\/site\/contact\/","title":{"rendered":"Contato"},"content":{"rendered":"<div class=\"wpb-content-wrapper\"><p>[vc_row][vc_column]<div class=\"gap\" style=\"line-height: 10px; height: 10px;\"><\/div>[\/vc_column][\/vc_row][vc_row][vc_column width=&#8221;1\/3&#8243;][vc_column_text]<\/p>\n<h3>Entre em contato<\/h3>\n<p>[\/vc_column_text]<div class=\"gap\" style=\"line-height: 20px; height: 20px;\"><\/div>[vc_column_text]<\/p>\n<h6>Endere\u00e7o:<\/h6>\n<p style=\"margin-top: -10px;\">BR 262, Km 86 &#8211; distrito de Arac\u00ea<\/p>\n<p style=\"margin-top: -10px;\">Rota do Conhecimento<\/p>\n<p style=\"margin-top: -10px;\">Domingos Martins &#8211; ES &#8211; Brasil<\/p>\n<div class=\"hr-thin\"><\/div>\n<h6>Correspond\u00eancia:<\/h6>\n<p style=\"margin-top: -10px;\">Caixa Postal: 110<\/p>\n<p style=\"margin-top: -10px;\">CEP: 29278-000<\/p>\n<div class=\"hr-thin\"><\/div>\n<h6>Telefone:<\/h6>\n<p style=\"margin-top: -10px;\">(027) 99997-3120<br \/>\n<i class=\"fab fa-whatsapp\"><\/i><a href=\"https:\/\/api.whatsapp.com\/send?phone=5527999973120&amp;text=Ola,%20estou%20no%20site%20arace.org%20e%20quero%20saber%20mais%20sobre%20a%20ARACE\" target=\"_blank\" rel=\"noopener\"> Chame no WhatsApp<\/a><\/p>\n<div class=\"hr-thin\"><\/div>\n<h6>E-mail:<\/h6>\n<p style=\"margin-top: -10px;\">associacao@arace.org<\/p>\n<div class=\"hr-thin\"><\/div>\n<h6>Redes sociais:<\/h6>\n<div style=\"margin-top: -5px;\"><div class=\"soc-ico\"><a title=\"Facebook page opens in new window\" href=\"https:\/\/www.facebook.com\/AssociacaoArace\" target=\"_blank\" class=\"facebook\"><span class=\"soc-font-icon\"><\/span><span class=\"screen-reader-text\">Facebook page opens in new window<\/span><\/a><a title=\"Instagram page opens in new window\" href=\"#\" target=\"_blank\" class=\"instagram\"><span class=\"soc-font-icon\"><\/span><span class=\"screen-reader-text\">Instagram page opens in new window<\/span><\/a><\/div><\/div>\n<p>[\/vc_column_text]<div class=\"gap\" style=\"line-height: 25px; height: 25px;\"><\/div>[\/vc_column][vc_column width=&#8221;1\/3&#8243;][vc_column_text]<\/p>\n<h3>Mande sua mensagem<\/h3>\n<p>[\/vc_column_text]<div class=\"gap\" style=\"line-height: 10px; height: 10px;\"><\/div>\n<div class=\"wpcf7 no-js\" id=\"wpcf7-f4-o1\" lang=\"pt-BR\" dir=\"ltr\" data-wpcf7-id=\"4\">\n<div class=\"screen-reader-response\"><p role=\"status\" aria-live=\"polite\" aria-atomic=\"true\"><\/p> <ul><\/ul><\/div>\n<form action=\"\/site\/wp-json\/wp\/v2\/pages\/292#wpcf7-f4-o1\" method=\"post\" class=\"wpcf7-form init\" aria-label=\"Formul\u00e1rios de contato\" novalidate=\"novalidate\" data-status=\"init\">\n<fieldset class=\"hidden-fields-container\"><input type=\"hidden\" name=\"_wpcf7\" value=\"4\" \/><input type=\"hidden\" name=\"_wpcf7_version\" value=\"6.1.5\" \/><input type=\"hidden\" name=\"_wpcf7_locale\" value=\"pt_BR\" \/><input type=\"hidden\" name=\"_wpcf7_unit_tag\" value=\"wpcf7-f4-o1\" \/><input type=\"hidden\" name=\"_wpcf7_container_post\" value=\"0\" \/><input type=\"hidden\" name=\"_wpcf7_posted_data_hash\" value=\"\" \/>\n<\/fieldset>\n<div class=\"wpcf7-turnstile cf-turnstile\" data-sitekey=\"0x4AAAAAACuNDwwQdLL4KeBd\" data-response-field-name=\"_wpcf7_turnstile_response\"><\/div>\n\n<p>Seu nome\n<\/p>\n<p><span class=\"wpcf7-form-control-wrap\" data-name=\"your-name\"><input size=\"40\" maxlength=\"400\" class=\"wpcf7-form-control wpcf7-text wpcf7-validates-as-required\" aria-required=\"true\" aria-invalid=\"false\" value=\"\" type=\"text\" name=\"your-name\" \/><\/span>\n<\/p>\n<p>Seu e-mail\n<\/p>\n<p><span class=\"wpcf7-form-control-wrap\" data-name=\"your-email\"><input size=\"40\" maxlength=\"400\" class=\"wpcf7-form-control wpcf7-email wpcf7-validates-as-required wpcf7-text wpcf7-validates-as-email\" aria-required=\"true\" aria-invalid=\"false\" value=\"\" type=\"email\" name=\"your-email\" \/><\/span>\n<\/p>\n<p>Sua mensagem\n<\/p>\n<p><span class=\"wpcf7-form-control-wrap\" data-name=\"your-message\"><textarea cols=\"40\" rows=\"10\" maxlength=\"2000\" class=\"wpcf7-form-control wpcf7-textarea\" aria-invalid=\"false\" name=\"your-message\"><\/textarea><\/span>\n<\/p>\n<p><span id=\"wpcf7-6a054a7a8bcd8-wrapper\" class=\"wpcf7-form-control-wrap honeypot-307-wrap\" style=\"display:none !important; visibility:hidden !important;\"><label for=\"wpcf7-6a054a7a8bcd8-field\" class=\"hp-message\">Please leave this field empty.<\/label><input id=\"wpcf7-6a054a7a8bcd8-field\"  class=\"wpcf7-form-control wpcf7-text\" type=\"text\" name=\"honeypot-307\" value=\"\" size=\"40\" tabindex=\"-1\" autocomplete=\"new-password\" \/><\/span><br \/>\n[recaptcha]\n<\/p>\n<p><input class=\"wpcf7-form-control wpcf7-submit has-spinner\" type=\"submit\" value=\"Enviar\" \/>\n<\/p><div class=\"wpcf7-response-output\" aria-hidden=\"true\"><\/div>\n<\/form>\n<\/div>\n\r\n\t\t\t\t<script>\r\n\t\t\t\tif ( typeof huOptions !== 'undefined' ) {\r\n\t\t\t\t\tvar huFormData = {\"source\":\"contactform7\",\"id\":4,\"title\":\"Contato\",\"fields\":{\"subject\":{\"first_name\":\"your-name\",\"email\":\"your-email\"},\"preferences\":{\"terms\":\"your-consent\"}}};\r\n\t\t\t\t\tvar huFormNode = document.querySelector( '[id^=\"wpcf7-f4-\"] form' );\r\n\r\n\t\t\t\t\thuFormData['node'] = huFormNode;\r\n\t\t\t\t\thuOptions['forms'].push( huFormData );\r\n\t\t\t\t}\r\n\t\t\t\t<\/script>[\/vc_column][\/vc_row][vc_row][vc_column][vc_gmaps link=&#8221;#E-8_JTNDaWZyYW1lJTIwc3JjJTNEJTIyaHR0cHMlM0ElMkYlMkZ3d3cuZ29vZ2xlLmNvbSUyRm1hcHMlMkZlbWJlZCUzRnBiJTNEJTIxMW0xNCUyMTFtMTIlMjExbTMlMjExZDYwNjkuMDQ1MDgyMjQyNDE4JTIxMmQtNDAuOTgyNjIzMTg3NDAwNSUyMTNkLTIwLjM1MDIxNjYwNjc2NjQxJTIxMm0zJTIxMWYwJTIxMmYwJTIxM2YwJTIxM20yJTIxMWkxMDI0JTIxMmk3NjglMjE0ZjEzLjElMjE1ZTElMjEzbTIlMjExc3B0LUJSJTIxMnNiciUyMTR2MTQzMDU4OTI0NTA5NiUyMiUyMHdpZHRoJTNEJTIyNjAwJTIyJTIwaGVpZ2h0JTNEJTIyNDUwJTIyJTIwZnJhbWVib3JkZXIlM0QlMjIwJTIyJTIwc3R5bGUlM0QlMjJib3JkZXIlM0EwJTIyJTNFJTNDJTJGaWZyYW1lJTNF&#8221;][\/vc_column][\/vc_row]<\/p>\n<\/div>","protected":false},"excerpt":{"rendered":"<p>[vc_row][vc_column][\/vc_column][\/vc_row][vc_row][vc_column width=&#8221;1\/3&#8243;][vc_column_text] Entre em contato [\/vc_column_text][vc_column_text] Endere\u00e7o: BR 262, Km 86 &#8211; distrito de Arac\u00ea Rota do Conhecimento Domingos Martins &#8211; ES &#8211; Brasil Correspond\u00eancia: Caixa Postal: 110 CEP: 29278-000 Telefone: (027) 99997-3120 Chame no WhatsApp E-mail: associacao@arace.org Redes sociais: [\/vc_column_text][\/vc_column][vc_column width=&#8221;1\/3&#8243;][vc_column_text] Mande sua mensagem [\/vc_column_text][\/vc_column][\/vc_row][vc_row][vc_column][vc_gmaps link=&#8221;#E-8_JTNDaWZyYW1lJTIwc3JjJTNEJTIyaHR0cHMlM0ElMkYlMkZ3d3cuZ29vZ2xlLmNvbSUyRm1hcHMlMkZlbWJlZCUzRnBiJTNEJTIxMW0xNCUyMTFtMTIlMjExbTMlMjExZDYwNjkuMDQ1MDgyMjQyNDE4JTIxMmQtNDAuOTgyNjIzMTg3NDAwNSUyMTNkLTIwLjM1MDIxNjYwNjc2NjQxJTIxMm0zJTIxMWYwJTIxMmYwJTIxM2YwJTIxM20yJTIxMWkxMDI0JTIxMmk3NjglMjE0ZjEzLjElMjE1ZTElMjEzbTIlMjExc3B0LUJSJTIxMnNiciUyMTR2MTQzMDU4OTI0NTA5NiUyMiUyMHdpZHRoJTNEJTIyNjAwJTIyJTIwaGVpZ2h0JTNEJTIyNDUwJTIyJTIwZnJhbWVib3JkZXIlM0QlMjIwJTIyJTIwc3R5bGUlM0QlMjJib3JkZXIlM0EwJTIyJTNFJTNDJTJGaWZyYW1lJTNF&#8221;][\/vc_column][\/vc_row]<\/p>\n","protected":false},"author":1,"featured_media":0,"parent":0,"menu_order":300,"comment_status":"closed","ping_status":"closed","template":"","meta":{"footnotes":""},"class_list":["post-292","page","type-page","status-publish","hentry","description-off"],"yoast_head":"<!-- This site is optimized with the Yoast SEO plugin v27.1.1 - https:\/\/yoast.com\/product\/yoast-seo-wordpress\/ -->\n<title>Contato - Associa\u00e7\u00e3o ARAC\u00ca<\/title>\n<meta name=\"robots\" content=\"index, follow, max-snippet:-1, max-image-preview:large, max-video-preview:-1\" \/>\n<link rel=\"canonical\" href=\"https:\/\/arace.org\/site\/contact\/\" \/>\n<meta property=\"og:locale\" content=\"pt_BR\" \/>\n<meta property=\"og:type\" content=\"article\" \/>\n<meta property=\"og:title\" content=\"Contato - Associa\u00e7\u00e3o ARAC\u00ca\" \/>\n<meta property=\"og:description\" content=\"[vc_row][vc_column][\/vc_column][\/vc_row][vc_row][vc_column width=&#8221;1\/3&#8243;][vc_column_text] Entre em contato [\/vc_column_text][vc_column_text] Endere\u00e7o: BR 262, Km 86 &#8211; distrito de Arac\u00ea Rota do Conhecimento Domingos Martins &#8211; ES &#8211; Brasil Correspond\u00eancia: Caixa Postal: 110 CEP: 29278-000 Telefone: (027) 99997-3120 Chame no WhatsApp E-mail: associacao@arace.org Redes sociais: [\/vc_column_text][\/vc_column][vc_column width=&#8221;1\/3&#8243;][vc_column_text] Mande sua mensagem [\/vc_column_text][\/vc_column][\/vc_row][vc_row][vc_column][vc_gmaps link=&#8221;#E-8_JTNDaWZyYW1lJTIwc3JjJTNEJTIyaHR0cHMlM0ElMkYlMkZ3d3cuZ29vZ2xlLmNvbSUyRm1hcHMlMkZlbWJlZCUzRnBiJTNEJTIxMW0xNCUyMTFtMTIlMjExbTMlMjExZDYwNjkuMDQ1MDgyMjQyNDE4JTIxMmQtNDAuOTgyNjIzMTg3NDAwNSUyMTNkLTIwLjM1MDIxNjYwNjc2NjQxJTIxMm0zJTIxMWYwJTIxMmYwJTIxM2YwJTIxM20yJTIxMWkxMDI0JTIxMmk3NjglMjE0ZjEzLjElMjE1ZTElMjEzbTIlMjExc3B0LUJSJTIxMnNiciUyMTR2MTQzMDU4OTI0NTA5NiUyMiUyMHdpZHRoJTNEJTIyNjAwJTIyJTIwaGVpZ2h0JTNEJTIyNDUwJTIyJTIwZnJhbWVib3JkZXIlM0QlMjIwJTIyJTIwc3R5bGUlM0QlMjJib3JkZXIlM0EwJTIyJTNFJTNDJTJGaWZyYW1lJTNF&#8221;][\/vc_column][\/vc_row]\" \/>\n<meta property=\"og:url\" content=\"https:\/\/arace.org\/site\/contact\/\" \/>\n<meta property=\"og:site_name\" content=\"Associa\u00e7\u00e3o ARAC\u00ca\" \/>\n<meta property=\"article:publisher\" content=\"https:\/\/www.facebook.com\/AssociacaoArace\" \/>\n<meta property=\"article:modified_time\" content=\"2024-03-09T13:52:17+00:00\" \/>\n<meta name=\"twitter:label1\" content=\"Est. tempo de leitura\" \/>\n\t<meta name=\"twitter:data1\" content=\"1 minuto\" \/>\n<script type=\"application\/ld+json\" class=\"yoast-schema-graph\">{\"@context\":\"https:\/\/schema.org\",\"@graph\":[{\"@type\":\"WebPage\",\"@id\":\"https:\/\/arace.org\/site\/contact\/\",\"url\":\"https:\/\/arace.org\/site\/contact\/\",\"name\":\"Contato - Associa\u00e7\u00e3o ARAC\u00ca\",\"isPartOf\":{\"@id\":\"https:\/\/arace.org\/site\/#website\"},\"datePublished\":\"2013-08-08T15:48:16+00:00\",\"dateModified\":\"2024-03-09T13:52:17+00:00\",\"breadcrumb\":{\"@id\":\"https:\/\/arace.org\/site\/contact\/#breadcrumb\"},\"inLanguage\":\"pt-BR\",\"potentialAction\":[{\"@type\":\"ReadAction\",\"target\":[\"https:\/\/arace.org\/site\/contact\/\"]}]},{\"@type\":\"BreadcrumbList\",\"@id\":\"https:\/\/arace.org\/site\/contact\/#breadcrumb\",\"itemListElement\":[{\"@type\":\"ListItem\",\"position\":1,\"name\":\"In\u00edcio\",\"item\":\"https:\/\/arace.org\/site\/\"},{\"@type\":\"ListItem\",\"position\":2,\"name\":\"Contato\"}]},{\"@type\":\"WebSite\",\"@id\":\"https:\/\/arace.org\/site\/#website\",\"url\":\"https:\/\/arace.org\/site\/\",\"name\":\"Associa\u00e7\u00e3o ARAC\u00ca\",\"description\":\"Institui\u00e7\u00e3o de pesquisa com base no voluntariado\",\"publisher\":{\"@id\":\"https:\/\/arace.org\/site\/#organization\"},\"potentialAction\":[{\"@type\":\"SearchAction\",\"target\":{\"@type\":\"EntryPoint\",\"urlTemplate\":\"https:\/\/arace.org\/site\/?s={search_term_string}\"},\"query-input\":{\"@type\":\"PropertyValueSpecification\",\"valueRequired\":true,\"valueName\":\"search_term_string\"}}],\"inLanguage\":\"pt-BR\"},{\"@type\":\"Organization\",\"@id\":\"https:\/\/arace.org\/site\/#organization\",\"name\":\"Associa\u00e7\u00e3o Internacional para a Evolu\u00e7\u00e3o da Consci\u00eancia\",\"url\":\"https:\/\/arace.org\/site\/\",\"logo\":{\"@type\":\"ImageObject\",\"inLanguage\":\"pt-BR\",\"@id\":\"https:\/\/arace.org\/site\/#\/schema\/logo\/image\/\",\"url\":\"https:\/\/arace.org\/site\/wp-content\/uploads\/2017\/03\/logo_arace_retina-1.png\",\"contentUrl\":\"https:\/\/arace.org\/site\/wp-content\/uploads\/2017\/03\/logo_arace_retina-1.png\",\"width\":186,\"height\":130,\"caption\":\"Associa\u00e7\u00e3o Internacional para a Evolu\u00e7\u00e3o da Consci\u00eancia\"},\"image\":{\"@id\":\"https:\/\/arace.org\/site\/#\/schema\/logo\/image\/\"},\"sameAs\":[\"https:\/\/www.facebook.com\/AssociacaoArace\",\"https:\/\/www.instagram.com\/associacao_arace\/\"]}]}<\/script>\n<!-- \/ Yoast SEO plugin. -->","yoast_head_json":{"title":"Contato - Associa\u00e7\u00e3o ARAC\u00ca","robots":{"index":"index","follow":"follow","max-snippet":"max-snippet:-1","max-image-preview":"max-image-preview:large","max-video-preview":"max-video-preview:-1"},"canonical":"https:\/\/arace.org\/site\/contact\/","og_locale":"pt_BR","og_type":"article","og_title":"Contato - Associa\u00e7\u00e3o ARAC\u00ca","og_description":"[vc_row][vc_column][\/vc_column][\/vc_row][vc_row][vc_column width=&#8221;1\/3&#8243;][vc_column_text] Entre em contato [\/vc_column_text][vc_column_text] Endere\u00e7o: BR 262, Km 86 &#8211; distrito de Arac\u00ea Rota do Conhecimento Domingos Martins &#8211; ES &#8211; Brasil Correspond\u00eancia: Caixa Postal: 110 CEP: 29278-000 Telefone: (027) 99997-3120 Chame no WhatsApp E-mail: associacao@arace.org Redes sociais: [\/vc_column_text][\/vc_column][vc_column width=&#8221;1\/3&#8243;][vc_column_text] Mande sua mensagem [\/vc_column_text][\/vc_column][\/vc_row][vc_row][vc_column][vc_gmaps link=&#8221;#E-8_JTNDaWZyYW1lJTIwc3JjJTNEJTIyaHR0cHMlM0ElMkYlMkZ3d3cuZ29vZ2xlLmNvbSUyRm1hcHMlMkZlbWJlZCUzRnBiJTNEJTIxMW0xNCUyMTFtMTIlMjExbTMlMjExZDYwNjkuMDQ1MDgyMjQyNDE4JTIxMmQtNDAuOTgyNjIzMTg3NDAwNSUyMTNkLTIwLjM1MDIxNjYwNjc2NjQxJTIxMm0zJTIxMWYwJTIxMmYwJTIxM2YwJTIxM20yJTIxMWkxMDI0JTIxMmk3NjglMjE0ZjEzLjElMjE1ZTElMjEzbTIlMjExc3B0LUJSJTIxMnNiciUyMTR2MTQzMDU4OTI0NTA5NiUyMiUyMHdpZHRoJTNEJTIyNjAwJTIyJTIwaGVpZ2h0JTNEJTIyNDUwJTIyJTIwZnJhbWVib3JkZXIlM0QlMjIwJTIyJTIwc3R5bGUlM0QlMjJib3JkZXIlM0EwJTIyJTNFJTNDJTJGaWZyYW1lJTNF&#8221;][\/vc_column][\/vc_row]","og_url":"https:\/\/arace.org\/site\/contact\/","og_site_name":"Associa\u00e7\u00e3o ARAC\u00ca","article_publisher":"https:\/\/www.facebook.com\/AssociacaoArace","article_modified_time":"2024-03-09T13:52:17+00:00","twitter_misc":{"Est. tempo de leitura":"1 minuto"},"schema":{"@context":"https:\/\/schema.org","@graph":[{"@type":"WebPage","@id":"https:\/\/arace.org\/site\/contact\/","url":"https:\/\/arace.org\/site\/contact\/","name":"Contato - Associa\u00e7\u00e3o ARAC\u00ca","isPartOf":{"@id":"https:\/\/arace.org\/site\/#website"},"datePublished":"2013-08-08T15:48:16+00:00","dateModified":"2024-03-09T13:52:17+00:00","breadcrumb":{"@id":"https:\/\/arace.org\/site\/contact\/#breadcrumb"},"inLanguage":"pt-BR","potentialAction":[{"@type":"ReadAction","target":["https:\/\/arace.org\/site\/contact\/"]}]},{"@type":"BreadcrumbList","@id":"https:\/\/arace.org\/site\/contact\/#breadcrumb","itemListElement":[{"@type":"ListItem","position":1,"name":"In\u00edcio","item":"https:\/\/arace.org\/site\/"},{"@type":"ListItem","position":2,"name":"Contato"}]},{"@type":"WebSite","@id":"https:\/\/arace.org\/site\/#website","url":"https:\/\/arace.org\/site\/","name":"Associa\u00e7\u00e3o ARAC\u00ca","description":"Institui\u00e7\u00e3o de pesquisa com base no voluntariado","publisher":{"@id":"https:\/\/arace.org\/site\/#organization"},"potentialAction":[{"@type":"SearchAction","target":{"@type":"EntryPoint","urlTemplate":"https:\/\/arace.org\/site\/?s={search_term_string}"},"query-input":{"@type":"PropertyValueSpecification","valueRequired":true,"valueName":"search_term_string"}}],"inLanguage":"pt-BR"},{"@type":"Organization","@id":"https:\/\/arace.org\/site\/#organization","name":"Associa\u00e7\u00e3o Internacional para a Evolu\u00e7\u00e3o da Consci\u00eancia","url":"https:\/\/arace.org\/site\/","logo":{"@type":"ImageObject","inLanguage":"pt-BR","@id":"https:\/\/arace.org\/site\/#\/schema\/logo\/image\/","url":"https:\/\/arace.org\/site\/wp-content\/uploads\/2017\/03\/logo_arace_retina-1.png","contentUrl":"https:\/\/arace.org\/site\/wp-content\/uploads\/2017\/03\/logo_arace_retina-1.png","width":186,"height":130,"caption":"Associa\u00e7\u00e3o Internacional para a Evolu\u00e7\u00e3o da Consci\u00eancia"},"image":{"@id":"https:\/\/arace.org\/site\/#\/schema\/logo\/image\/"},"sameAs":["https:\/\/www.facebook.com\/AssociacaoArace","https:\/\/www.instagram.com\/associacao_arace\/"]}]}},"_links":{"self":[{"href":"https:\/\/arace.org\/site\/wp-json\/wp\/v2\/pages\/292","targetHints":{"allow":["GET"]}}],"collection":[{"href":"https:\/\/arace.org\/site\/wp-json\/wp\/v2\/pages"}],"about":[{"href":"https:\/\/arace.org\/site\/wp-json\/wp\/v2\/types\/page"}],"author":[{"embeddable":true,"href":"https:\/\/arace.org\/site\/wp-json\/wp\/v2\/users\/1"}],"replies":[{"embeddable":true,"href":"https:\/\/arace.org\/site\/wp-json\/wp\/v2\/comments?post=292"}],"version-history":[{"count":1,"href":"https:\/\/arace.org\/site\/wp-json\/wp\/v2\/pages\/292\/revisions"}],"predecessor-version":[{"id":28637,"href":"https:\/\/arace.org\/site\/wp-json\/wp\/v2\/pages\/292\/revisions\/28637"}],"wp:attachment":[{"href":"https:\/\/arace.org\/site\/wp-json\/wp\/v2\/media?parent=292"}],"curies":[{"name":"wp","href":"https:\/\/api.w.org\/{rel}","templated":true}]}}